{"id":165,"date":"2022-07-11T14:51:18","date_gmt":"2022-07-11T17:51:18","guid":{"rendered":"http:\/\/corps.ind.br\/produtos\/"},"modified":"2022-08-26T13:40:33","modified_gmt":"2022-08-26T16:40:33","slug":"produtos","status":"publish","type":"page","link":"https:\/\/corps.ind.br\/es\/produtos\/","title":{"rendered":"Productos"},"content":{"rendered":"<p>Corps actualmente ofrece a Brasil una amplia cartera de medios de molienda forjados para uso en sistemas de molienda en general. Nuestros productos son piezas esenciales en la estructuraci\u00f3n del futuro de la sociedad, especialmente en la industria de la Miner\u00eda y la Construcci\u00f3n.<\/p>\n<p>Brindamos soluciones para cada etapa de molienda, brindando una amplia gama de di\u00e1metros y dimensiones para Maxsteel Steel Balls y Maxsteel Steel Bars, respectivamente.<\/p>\n","protected":false},"excerpt":{"rendered":"<p>Corps actualmente ofrece a Brasil una amplia cartera de medios de molienda forjados para uso en sistemas de molienda en general. Nuestros productos son piezas esenciales en la estructuraci\u00f3n del futuro de la sociedad, especialmente en la industria de la Miner\u00eda y la Construcci\u00f3n. Brindamos soluciones para cada etapa de molienda, brindando una amplia gama [&hellip;]<\/p>\n","protected":false},"author":1,"featured_media":134,"parent":0,"menu_order":2,"comment_status":"closed","ping_status":"closed","template":"","meta":{"om_disable_all_campaigns":false,"_monsterinsights_skip_tracking":false,"_monsterinsights_sitenote_active":false,"_monsterinsights_sitenote_note":"","_monsterinsights_sitenote_category":0,"footnotes":""},"class_list":["post-165","page","type-page","status-publish","has-post-thumbnail","hentry"],"acf":[],"aioseo_notices":[],"yoast_head":"<!-- This site is optimized with the Yoast SEO plugin v26.9 - https:\/\/yoast.com\/product\/yoast-seo-wordpress\/ -->\n<title>Productos - CORPS<\/title>\n<meta name=\"robots\" content=\"index, follow, max-snippet:-1, max-image-preview:large, max-video-preview:-1\" \/>\n<link rel=\"canonical\" href=\"https:\/\/corps.ind.br\/es\/produtos\/\" \/>\n<meta property=\"og:locale\" content=\"es_ES\" \/>\n<meta property=\"og:type\" content=\"article\" \/>\n<meta property=\"og:title\" content=\"Productos - CORPS\" \/>\n<meta property=\"og:description\" content=\"Corps actualmente ofrece a Brasil una amplia cartera de medios de molienda forjados para uso en sistemas de molienda en general. Nuestros productos son piezas esenciales en la estructuraci\u00f3n del futuro de la sociedad, especialmente en la industria de la Miner\u00eda y la Construcci\u00f3n. Brindamos soluciones para cada etapa de molienda, brindando una amplia gama [&hellip;]\" \/>\n<meta property=\"og:url\" content=\"https:\/\/corps.ind.br\/es\/produtos\/\" \/>\n<meta property=\"og:site_name\" content=\"CORPS\" \/>\n<meta property=\"article:modified_time\" content=\"2022-08-26T16:40:33+00:00\" \/>\n<meta property=\"og:image\" content=\"http:\/\/corps.ind.br\/wp-content\/uploads\/2022\/07\/produtos-corps.jpg\" \/>\n\t<meta property=\"og:image:width\" content=\"1920\" \/>\n\t<meta property=\"og:image:height\" content=\"1151\" \/>\n\t<meta property=\"og:image:type\" content=\"image\/jpeg\" \/>\n<meta name=\"twitter:card\" content=\"summary_large_image\" \/>\n<meta name=\"twitter:label1\" content=\"Est. reading time\" \/>\n\t<meta name=\"twitter:data1\" content=\"1 minute\" \/>\n<script type=\"application\/ld+json\" class=\"yoast-schema-graph\">{\"@context\":\"https:\/\/schema.org\",\"@graph\":[{\"@type\":\"WebPage\",\"@id\":\"https:\/\/corps.ind.br\/es\/produtos\/\",\"url\":\"https:\/\/corps.ind.br\/es\/produtos\/\",\"name\":\"Productos - CORPS\",\"isPartOf\":{\"@id\":\"https:\/\/corps.ind.br\/#website\"},\"primaryImageOfPage\":{\"@id\":\"https:\/\/corps.ind.br\/es\/produtos\/#primaryimage\"},\"image\":{\"@id\":\"https:\/\/corps.ind.br\/es\/produtos\/#primaryimage\"},\"thumbnailUrl\":\"https:\/\/corps.ind.br\/wp-content\/uploads\/2022\/07\/produtos-corps.jpg\",\"datePublished\":\"2022-07-11T17:51:18+00:00\",\"dateModified\":\"2022-08-26T16:40:33+00:00\",\"breadcrumb\":{\"@id\":\"https:\/\/corps.ind.br\/es\/produtos\/#breadcrumb\"},\"inLanguage\":\"es-ES\",\"potentialAction\":[{\"@type\":\"ReadAction\",\"target\":[\"https:\/\/corps.ind.br\/es\/produtos\/\"]}]},{\"@type\":\"ImageObject\",\"inLanguage\":\"es-ES\",\"@id\":\"https:\/\/corps.ind.br\/es\/produtos\/#primaryimage\",\"url\":\"https:\/\/corps.ind.br\/wp-content\/uploads\/2022\/07\/produtos-corps.jpg\",\"contentUrl\":\"https:\/\/corps.ind.br\/wp-content\/uploads\/2022\/07\/produtos-corps.jpg\",\"width\":1920,\"height\":1151,\"caption\":\"Stainless steel grinding balls\"},{\"@type\":\"BreadcrumbList\",\"@id\":\"https:\/\/corps.ind.br\/es\/produtos\/#breadcrumb\",\"itemListElement\":[{\"@type\":\"ListItem\",\"position\":1,\"name\":\"In\u00edcio\",\"item\":\"https:\/\/corps.ind.br\/es\/\"},{\"@type\":\"ListItem\",\"position\":2,\"name\":\"Productos\"}]},{\"@type\":\"WebSite\",\"@id\":\"https:\/\/corps.ind.br\/#website\",\"url\":\"https:\/\/corps.ind.br\/\",\"name\":\"CORPS\",\"description\":\"\",\"publisher\":{\"@id\":\"https:\/\/corps.ind.br\/#organization\"},\"potentialAction\":[{\"@type\":\"SearchAction\",\"target\":{\"@type\":\"EntryPoint\",\"urlTemplate\":\"https:\/\/corps.ind.br\/?s={search_term_string}\"},\"query-input\":{\"@type\":\"PropertyValueSpecification\",\"valueRequired\":true,\"valueName\":\"search_term_string\"}}],\"inLanguage\":\"es-ES\"},{\"@type\":\"Organization\",\"@id\":\"https:\/\/corps.ind.br\/#organization\",\"name\":\"COPRS\",\"url\":\"https:\/\/corps.ind.br\/\",\"logo\":{\"@type\":\"ImageObject\",\"inLanguage\":\"es-ES\",\"@id\":\"https:\/\/corps.ind.br\/#\/schema\/logo\/image\/\",\"url\":\"https:\/\/corps.ind.br\/wp-content\/uploads\/2022\/07\/logo-corps.png\",\"contentUrl\":\"https:\/\/corps.ind.br\/wp-content\/uploads\/2022\/07\/logo-corps.png\",\"width\":382,\"height\":95,\"caption\":\"COPRS\"},\"image\":{\"@id\":\"https:\/\/corps.ind.br\/#\/schema\/logo\/image\/\"}}]}<\/script>\n<!-- \/ Yoast SEO plugin. -->","yoast_head_json":{"title":"Productos - CORPS","robots":{"index":"index","follow":"follow","max-snippet":"max-snippet:-1","max-image-preview":"max-image-preview:large","max-video-preview":"max-video-preview:-1"},"canonical":"https:\/\/corps.ind.br\/es\/produtos\/","og_locale":"es_ES","og_type":"article","og_title":"Productos - CORPS","og_description":"Corps actualmente ofrece a Brasil una amplia cartera de medios de molienda forjados para uso en sistemas de molienda en general. Nuestros productos son piezas esenciales en la estructuraci\u00f3n del futuro de la sociedad, especialmente en la industria de la Miner\u00eda y la Construcci\u00f3n. Brindamos soluciones para cada etapa de molienda, brindando una amplia gama [&hellip;]","og_url":"https:\/\/corps.ind.br\/es\/produtos\/","og_site_name":"CORPS","article_modified_time":"2022-08-26T16:40:33+00:00","og_image":[{"width":1920,"height":1151,"url":"http:\/\/corps.ind.br\/wp-content\/uploads\/2022\/07\/produtos-corps.jpg","type":"image\/jpeg"}],"twitter_card":"summary_large_image","twitter_misc":{"Est. reading time":"1 minute"},"schema":{"@context":"https:\/\/schema.org","@graph":[{"@type":"WebPage","@id":"https:\/\/corps.ind.br\/es\/produtos\/","url":"https:\/\/corps.ind.br\/es\/produtos\/","name":"Productos - CORPS","isPartOf":{"@id":"https:\/\/corps.ind.br\/#website"},"primaryImageOfPage":{"@id":"https:\/\/corps.ind.br\/es\/produtos\/#primaryimage"},"image":{"@id":"https:\/\/corps.ind.br\/es\/produtos\/#primaryimage"},"thumbnailUrl":"https:\/\/corps.ind.br\/wp-content\/uploads\/2022\/07\/produtos-corps.jpg","datePublished":"2022-07-11T17:51:18+00:00","dateModified":"2022-08-26T16:40:33+00:00","breadcrumb":{"@id":"https:\/\/corps.ind.br\/es\/produtos\/#breadcrumb"},"inLanguage":"es-ES","potentialAction":[{"@type":"ReadAction","target":["https:\/\/corps.ind.br\/es\/produtos\/"]}]},{"@type":"ImageObject","inLanguage":"es-ES","@id":"https:\/\/corps.ind.br\/es\/produtos\/#primaryimage","url":"https:\/\/corps.ind.br\/wp-content\/uploads\/2022\/07\/produtos-corps.jpg","contentUrl":"https:\/\/corps.ind.br\/wp-content\/uploads\/2022\/07\/produtos-corps.jpg","width":1920,"height":1151,"caption":"Stainless steel grinding balls"},{"@type":"BreadcrumbList","@id":"https:\/\/corps.ind.br\/es\/produtos\/#breadcrumb","itemListElement":[{"@type":"ListItem","position":1,"name":"In\u00edcio","item":"https:\/\/corps.ind.br\/es\/"},{"@type":"ListItem","position":2,"name":"Productos"}]},{"@type":"WebSite","@id":"https:\/\/corps.ind.br\/#website","url":"https:\/\/corps.ind.br\/","name":"CORPS","description":"","publisher":{"@id":"https:\/\/corps.ind.br\/#organization"},"potentialAction":[{"@type":"SearchAction","target":{"@type":"EntryPoint","urlTemplate":"https:\/\/corps.ind.br\/?s={search_term_string}"},"query-input":{"@type":"PropertyValueSpecification","valueRequired":true,"valueName":"search_term_string"}}],"inLanguage":"es-ES"},{"@type":"Organization","@id":"https:\/\/corps.ind.br\/#organization","name":"COPRS","url":"https:\/\/corps.ind.br\/","logo":{"@type":"ImageObject","inLanguage":"es-ES","@id":"https:\/\/corps.ind.br\/#\/schema\/logo\/image\/","url":"https:\/\/corps.ind.br\/wp-content\/uploads\/2022\/07\/logo-corps.png","contentUrl":"https:\/\/corps.ind.br\/wp-content\/uploads\/2022\/07\/logo-corps.png","width":382,"height":95,"caption":"COPRS"},"image":{"@id":"https:\/\/corps.ind.br\/#\/schema\/logo\/image\/"}}]}},"jetpack_sharing_enabled":true,"_links":{"self":[{"href":"https:\/\/corps.ind.br\/es\/wp-json\/wp\/v2\/pages\/165","targetHints":{"allow":["GET"]}}],"collection":[{"href":"https:\/\/corps.ind.br\/es\/wp-json\/wp\/v2\/pages"}],"about":[{"href":"https:\/\/corps.ind.br\/es\/wp-json\/wp\/v2\/types\/page"}],"author":[{"embeddable":true,"href":"https:\/\/corps.ind.br\/es\/wp-json\/wp\/v2\/users\/1"}],"replies":[{"embeddable":true,"href":"https:\/\/corps.ind.br\/es\/wp-json\/wp\/v2\/comments?post=165"}],"version-history":[{"count":0,"href":"https:\/\/corps.ind.br\/es\/wp-json\/wp\/v2\/pages\/165\/revisions"}],"wp:featuredmedia":[{"embeddable":true,"href":"https:\/\/corps.ind.br\/es\/wp-json\/wp\/v2\/media\/134"}],"wp:attachment":[{"href":"https:\/\/corps.ind.br\/es\/wp-json\/wp\/v2\/media?parent=165"}],"curies":[{"name":"wp","href":"https:\/\/api.w.org\/{rel}","templated":true}]}}