{"id":162,"date":"2022-07-11T14:51:06","date_gmt":"2022-07-11T17:51:06","guid":{"rendered":"http:\/\/corps.ind.br\/sobre-nos\/"},"modified":"2022-07-28T16:08:58","modified_gmt":"2022-07-28T19:08:58","slug":"sobre-nos","status":"publish","type":"page","link":"https:\/\/corps.ind.br\/es\/sobre-nos\/","title":{"rendered":"Sobre nosotros"},"content":{"rendered":"<p>Nuestra historia comienza en 1993, en Minas Gerais, con la fundaci\u00f3n de MVA, nombre que nos acompa\u00f1\u00f3 hasta 2019, cuando finalmente nos consolidamos como Corps. La elecci\u00f3n de un nombre fuerte y preciso no fue casual. En las \u00faltimas tres d\u00e9cadas, invertimos, evolucionamos, crecimos y nos convertimos en el mayor fabricante de Bolas de Acero de Brasil, siempre fieles a nuestros valores fundamentales: honestidad, flexibilidad y compromiso.<\/p>\n","protected":false},"excerpt":{"rendered":"<p>Nuestra historia comienza en 1993, en Minas Gerais, con la fundaci\u00f3n de MVA, nombre que nos acompa\u00f1\u00f3 hasta 2019, cuando finalmente nos consolidamos como Corps. La elecci\u00f3n de un nombre fuerte y preciso no fue casual. En las \u00faltimas tres d\u00e9cadas, invertimos, evolucionamos, crecimos y nos convertimos en el mayor fabricante de Bolas de Acero [&hellip;]<\/p>\n","protected":false},"author":1,"featured_media":102,"parent":0,"menu_order":1,"comment_status":"closed","ping_status":"closed","template":"","meta":{"om_disable_all_campaigns":false,"_monsterinsights_skip_tracking":false,"_monsterinsights_sitenote_active":false,"_monsterinsights_sitenote_note":"","_monsterinsights_sitenote_category":0,"footnotes":""},"class_list":["post-162","page","type-page","status-publish","has-post-thumbnail","hentry"],"acf":[],"aioseo_notices":[],"yoast_head":"<!-- This site is optimized with the Yoast SEO plugin v26.9 - https:\/\/yoast.com\/product\/yoast-seo-wordpress\/ -->\n<title>Sobre nosotros - CORPS<\/title>\n<meta name=\"robots\" content=\"index, follow, max-snippet:-1, max-image-preview:large, max-video-preview:-1\" \/>\n<link rel=\"canonical\" href=\"https:\/\/corps.ind.br\/es\/sobre-nos\/\" \/>\n<meta property=\"og:locale\" content=\"es_ES\" \/>\n<meta property=\"og:type\" content=\"article\" \/>\n<meta property=\"og:title\" content=\"Sobre nosotros - CORPS\" \/>\n<meta property=\"og:description\" content=\"Nuestra historia comienza en 1993, en Minas Gerais, con la fundaci\u00f3n de MVA, nombre que nos acompa\u00f1\u00f3 hasta 2019, cuando finalmente nos consolidamos como Corps. La elecci\u00f3n de un nombre fuerte y preciso no fue casual. En las \u00faltimas tres d\u00e9cadas, invertimos, evolucionamos, crecimos y nos convertimos en el mayor fabricante de Bolas de Acero [&hellip;]\" \/>\n<meta property=\"og:url\" content=\"https:\/\/corps.ind.br\/es\/sobre-nos\/\" \/>\n<meta property=\"og:site_name\" content=\"CORPS\" \/>\n<meta property=\"article:modified_time\" content=\"2022-07-28T19:08:58+00:00\" \/>\n<meta property=\"og:image\" content=\"https:\/\/corps.ind.br\/wp-content\/uploads\/2022\/07\/banner-sobre.jpg\" \/>\n\t<meta property=\"og:image:width\" content=\"1922\" \/>\n\t<meta property=\"og:image:height\" content=\"1059\" \/>\n\t<meta property=\"og:image:type\" content=\"image\/jpeg\" \/>\n<meta name=\"twitter:card\" content=\"summary_large_image\" \/>\n<script type=\"application\/ld+json\" class=\"yoast-schema-graph\">{\"@context\":\"https:\/\/schema.org\",\"@graph\":[{\"@type\":\"WebPage\",\"@id\":\"https:\/\/corps.ind.br\/es\/sobre-nos\/\",\"url\":\"https:\/\/corps.ind.br\/es\/sobre-nos\/\",\"name\":\"Sobre nosotros - CORPS\",\"isPartOf\":{\"@id\":\"https:\/\/corps.ind.br\/#website\"},\"primaryImageOfPage\":{\"@id\":\"https:\/\/corps.ind.br\/es\/sobre-nos\/#primaryimage\"},\"image\":{\"@id\":\"https:\/\/corps.ind.br\/es\/sobre-nos\/#primaryimage\"},\"thumbnailUrl\":\"https:\/\/corps.ind.br\/wp-content\/uploads\/2022\/07\/banner-sobre.jpg\",\"datePublished\":\"2022-07-11T17:51:06+00:00\",\"dateModified\":\"2022-07-28T19:08:58+00:00\",\"breadcrumb\":{\"@id\":\"https:\/\/corps.ind.br\/es\/sobre-nos\/#breadcrumb\"},\"inLanguage\":\"es-ES\",\"potentialAction\":[{\"@type\":\"ReadAction\",\"target\":[\"https:\/\/corps.ind.br\/es\/sobre-nos\/\"]}]},{\"@type\":\"ImageObject\",\"inLanguage\":\"es-ES\",\"@id\":\"https:\/\/corps.ind.br\/es\/sobre-nos\/#primaryimage\",\"url\":\"https:\/\/corps.ind.br\/wp-content\/uploads\/2022\/07\/banner-sobre.jpg\",\"contentUrl\":\"https:\/\/corps.ind.br\/wp-content\/uploads\/2022\/07\/banner-sobre.jpg\",\"width\":1922,\"height\":1059},{\"@type\":\"BreadcrumbList\",\"@id\":\"https:\/\/corps.ind.br\/es\/sobre-nos\/#breadcrumb\",\"itemListElement\":[{\"@type\":\"ListItem\",\"position\":1,\"name\":\"In\u00edcio\",\"item\":\"https:\/\/corps.ind.br\/es\/\"},{\"@type\":\"ListItem\",\"position\":2,\"name\":\"Sobre nosotros\"}]},{\"@type\":\"WebSite\",\"@id\":\"https:\/\/corps.ind.br\/#website\",\"url\":\"https:\/\/corps.ind.br\/\",\"name\":\"CORPS\",\"description\":\"\",\"publisher\":{\"@id\":\"https:\/\/corps.ind.br\/#organization\"},\"potentialAction\":[{\"@type\":\"SearchAction\",\"target\":{\"@type\":\"EntryPoint\",\"urlTemplate\":\"https:\/\/corps.ind.br\/?s={search_term_string}\"},\"query-input\":{\"@type\":\"PropertyValueSpecification\",\"valueRequired\":true,\"valueName\":\"search_term_string\"}}],\"inLanguage\":\"es-ES\"},{\"@type\":\"Organization\",\"@id\":\"https:\/\/corps.ind.br\/#organization\",\"name\":\"COPRS\",\"url\":\"https:\/\/corps.ind.br\/\",\"logo\":{\"@type\":\"ImageObject\",\"inLanguage\":\"es-ES\",\"@id\":\"https:\/\/corps.ind.br\/#\/schema\/logo\/image\/\",\"url\":\"https:\/\/corps.ind.br\/wp-content\/uploads\/2022\/07\/logo-corps.png\",\"contentUrl\":\"https:\/\/corps.ind.br\/wp-content\/uploads\/2022\/07\/logo-corps.png\",\"width\":382,\"height\":95,\"caption\":\"COPRS\"},\"image\":{\"@id\":\"https:\/\/corps.ind.br\/#\/schema\/logo\/image\/\"}}]}<\/script>\n<!-- \/ Yoast SEO plugin. -->","yoast_head_json":{"title":"Sobre nosotros - CORPS","robots":{"index":"index","follow":"follow","max-snippet":"max-snippet:-1","max-image-preview":"max-image-preview:large","max-video-preview":"max-video-preview:-1"},"canonical":"https:\/\/corps.ind.br\/es\/sobre-nos\/","og_locale":"es_ES","og_type":"article","og_title":"Sobre nosotros - CORPS","og_description":"Nuestra historia comienza en 1993, en Minas Gerais, con la fundaci\u00f3n de MVA, nombre que nos acompa\u00f1\u00f3 hasta 2019, cuando finalmente nos consolidamos como Corps. La elecci\u00f3n de un nombre fuerte y preciso no fue casual. En las \u00faltimas tres d\u00e9cadas, invertimos, evolucionamos, crecimos y nos convertimos en el mayor fabricante de Bolas de Acero [&hellip;]","og_url":"https:\/\/corps.ind.br\/es\/sobre-nos\/","og_site_name":"CORPS","article_modified_time":"2022-07-28T19:08:58+00:00","og_image":[{"width":1922,"height":1059,"url":"https:\/\/corps.ind.br\/wp-content\/uploads\/2022\/07\/banner-sobre.jpg","type":"image\/jpeg"}],"twitter_card":"summary_large_image","schema":{"@context":"https:\/\/schema.org","@graph":[{"@type":"WebPage","@id":"https:\/\/corps.ind.br\/es\/sobre-nos\/","url":"https:\/\/corps.ind.br\/es\/sobre-nos\/","name":"Sobre nosotros - CORPS","isPartOf":{"@id":"https:\/\/corps.ind.br\/#website"},"primaryImageOfPage":{"@id":"https:\/\/corps.ind.br\/es\/sobre-nos\/#primaryimage"},"image":{"@id":"https:\/\/corps.ind.br\/es\/sobre-nos\/#primaryimage"},"thumbnailUrl":"https:\/\/corps.ind.br\/wp-content\/uploads\/2022\/07\/banner-sobre.jpg","datePublished":"2022-07-11T17:51:06+00:00","dateModified":"2022-07-28T19:08:58+00:00","breadcrumb":{"@id":"https:\/\/corps.ind.br\/es\/sobre-nos\/#breadcrumb"},"inLanguage":"es-ES","potentialAction":[{"@type":"ReadAction","target":["https:\/\/corps.ind.br\/es\/sobre-nos\/"]}]},{"@type":"ImageObject","inLanguage":"es-ES","@id":"https:\/\/corps.ind.br\/es\/sobre-nos\/#primaryimage","url":"https:\/\/corps.ind.br\/wp-content\/uploads\/2022\/07\/banner-sobre.jpg","contentUrl":"https:\/\/corps.ind.br\/wp-content\/uploads\/2022\/07\/banner-sobre.jpg","width":1922,"height":1059},{"@type":"BreadcrumbList","@id":"https:\/\/corps.ind.br\/es\/sobre-nos\/#breadcrumb","itemListElement":[{"@type":"ListItem","position":1,"name":"In\u00edcio","item":"https:\/\/corps.ind.br\/es\/"},{"@type":"ListItem","position":2,"name":"Sobre nosotros"}]},{"@type":"WebSite","@id":"https:\/\/corps.ind.br\/#website","url":"https:\/\/corps.ind.br\/","name":"CORPS","description":"","publisher":{"@id":"https:\/\/corps.ind.br\/#organization"},"potentialAction":[{"@type":"SearchAction","target":{"@type":"EntryPoint","urlTemplate":"https:\/\/corps.ind.br\/?s={search_term_string}"},"query-input":{"@type":"PropertyValueSpecification","valueRequired":true,"valueName":"search_term_string"}}],"inLanguage":"es-ES"},{"@type":"Organization","@id":"https:\/\/corps.ind.br\/#organization","name":"COPRS","url":"https:\/\/corps.ind.br\/","logo":{"@type":"ImageObject","inLanguage":"es-ES","@id":"https:\/\/corps.ind.br\/#\/schema\/logo\/image\/","url":"https:\/\/corps.ind.br\/wp-content\/uploads\/2022\/07\/logo-corps.png","contentUrl":"https:\/\/corps.ind.br\/wp-content\/uploads\/2022\/07\/logo-corps.png","width":382,"height":95,"caption":"COPRS"},"image":{"@id":"https:\/\/corps.ind.br\/#\/schema\/logo\/image\/"}}]}},"jetpack_sharing_enabled":true,"_links":{"self":[{"href":"https:\/\/corps.ind.br\/es\/wp-json\/wp\/v2\/pages\/162","targetHints":{"allow":["GET"]}}],"collection":[{"href":"https:\/\/corps.ind.br\/es\/wp-json\/wp\/v2\/pages"}],"about":[{"href":"https:\/\/corps.ind.br\/es\/wp-json\/wp\/v2\/types\/page"}],"author":[{"embeddable":true,"href":"https:\/\/corps.ind.br\/es\/wp-json\/wp\/v2\/users\/1"}],"replies":[{"embeddable":true,"href":"https:\/\/corps.ind.br\/es\/wp-json\/wp\/v2\/comments?post=162"}],"version-history":[{"count":0,"href":"https:\/\/corps.ind.br\/es\/wp-json\/wp\/v2\/pages\/162\/revisions"}],"wp:featuredmedia":[{"embeddable":true,"href":"https:\/\/corps.ind.br\/es\/wp-json\/wp\/v2\/media\/102"}],"wp:attachment":[{"href":"https:\/\/corps.ind.br\/es\/wp-json\/wp\/v2\/media?parent=162"}],"curies":[{"name":"wp","href":"https:\/\/api.w.org\/{rel}","templated":true}]}}