{"id":159,"date":"2022-07-11T14:50:55","date_gmt":"2022-07-11T17:50:55","guid":{"rendered":"http:\/\/corps.ind.br\/home\/"},"modified":"2022-07-28T16:05:04","modified_gmt":"2022-07-28T19:05:04","slug":"home","status":"publish","type":"page","link":"https:\/\/corps.ind.br\/es\/","title":{"rendered":"Home"},"content":{"rendered":"<p>Ubicada estrat\u00e9gicamente en el municipio de Serra, Esp\u00edrito Santo, Corps es l\u00edder en el mercado nacional en la producci\u00f3n de medios de molienda forjados para uso en sistemas de molienda en general. Nuestra autoridad en la materia es el resultado de un riguroso control de calidad interno de procesos y productos, combinado con la experiencia administrativa que hemos acumulado durante d\u00e9cadas.<\/p>\n","protected":false},"excerpt":{"rendered":"<p>29 A\u00d1OS CUMPLIENDO CON HONESTIDAD, FLEXIBILIDAD Y COMPROMISO<\/p>\n","protected":false},"author":1,"featured_media":0,"parent":0,"menu_order":0,"comment_status":"closed","ping_status":"closed","template":"front-page.php","meta":{"om_disable_all_campaigns":false,"_monsterinsights_skip_tracking":false,"_monsterinsights_sitenote_active":false,"_monsterinsights_sitenote_note":"","_monsterinsights_sitenote_category":0,"footnotes":""},"class_list":["post-159","page","type-page","status-publish","hentry"],"acf":[],"aioseo_notices":[],"yoast_head":"<!-- This site is optimized with the Yoast SEO plugin v26.9 - https:\/\/yoast.com\/product\/yoast-seo-wordpress\/ -->\n<title>Home - CORPS<\/title>\n<meta name=\"robots\" content=\"index, follow, max-snippet:-1, max-image-preview:large, max-video-preview:-1\" \/>\n<link rel=\"canonical\" href=\"https:\/\/corps.ind.br\/es\/\" \/>\n<meta property=\"og:locale\" content=\"es_ES\" \/>\n<meta property=\"og:type\" content=\"article\" \/>\n<meta property=\"og:title\" content=\"Home - CORPS\" \/>\n<meta property=\"og:description\" content=\"29 A\u00d1OS CUMPLIENDO CON HONESTIDAD, FLEXIBILIDAD Y COMPROMISO\" \/>\n<meta property=\"og:url\" content=\"https:\/\/corps.ind.br\/es\/\" \/>\n<meta property=\"og:site_name\" content=\"CORPS\" \/>\n<meta property=\"article:modified_time\" content=\"2022-07-28T19:05:04+00:00\" \/>\n<meta name=\"twitter:card\" content=\"summary_large_image\" \/>\n<script type=\"application\/ld+json\" class=\"yoast-schema-graph\">{\"@context\":\"https:\/\/schema.org\",\"@graph\":[{\"@type\":\"WebPage\",\"@id\":\"https:\/\/corps.ind.br\/es\/\",\"url\":\"https:\/\/corps.ind.br\/es\/\",\"name\":\"Home - CORPS\",\"isPartOf\":{\"@id\":\"https:\/\/corps.ind.br\/#website\"},\"datePublished\":\"2022-07-11T17:50:55+00:00\",\"dateModified\":\"2022-07-28T19:05:04+00:00\",\"breadcrumb\":{\"@id\":\"https:\/\/corps.ind.br\/es\/#breadcrumb\"},\"inLanguage\":\"es-ES\",\"potentialAction\":[{\"@type\":\"ReadAction\",\"target\":[\"https:\/\/corps.ind.br\/es\/\"]}]},{\"@type\":\"BreadcrumbList\",\"@id\":\"https:\/\/corps.ind.br\/es\/#breadcrumb\",\"itemListElement\":[{\"@type\":\"ListItem\",\"position\":1,\"name\":\"In\u00edcio\",\"item\":\"https:\/\/corps.ind.br\/es\/\"},{\"@type\":\"ListItem\",\"position\":2,\"name\":\"Home\"}]},{\"@type\":\"WebSite\",\"@id\":\"https:\/\/corps.ind.br\/#website\",\"url\":\"https:\/\/corps.ind.br\/\",\"name\":\"CORPS\",\"description\":\"\",\"publisher\":{\"@id\":\"https:\/\/corps.ind.br\/#organization\"},\"potentialAction\":[{\"@type\":\"SearchAction\",\"target\":{\"@type\":\"EntryPoint\",\"urlTemplate\":\"https:\/\/corps.ind.br\/?s={search_term_string}\"},\"query-input\":{\"@type\":\"PropertyValueSpecification\",\"valueRequired\":true,\"valueName\":\"search_term_string\"}}],\"inLanguage\":\"es-ES\"},{\"@type\":\"Organization\",\"@id\":\"https:\/\/corps.ind.br\/#organization\",\"name\":\"COPRS\",\"url\":\"https:\/\/corps.ind.br\/\",\"logo\":{\"@type\":\"ImageObject\",\"inLanguage\":\"es-ES\",\"@id\":\"https:\/\/corps.ind.br\/#\/schema\/logo\/image\/\",\"url\":\"https:\/\/corps.ind.br\/wp-content\/uploads\/2022\/07\/logo-corps.png\",\"contentUrl\":\"https:\/\/corps.ind.br\/wp-content\/uploads\/2022\/07\/logo-corps.png\",\"width\":382,\"height\":95,\"caption\":\"COPRS\"},\"image\":{\"@id\":\"https:\/\/corps.ind.br\/#\/schema\/logo\/image\/\"}}]}<\/script>\n<!-- \/ Yoast SEO plugin. -->","yoast_head_json":{"title":"Home - CORPS","robots":{"index":"index","follow":"follow","max-snippet":"max-snippet:-1","max-image-preview":"max-image-preview:large","max-video-preview":"max-video-preview:-1"},"canonical":"https:\/\/corps.ind.br\/es\/","og_locale":"es_ES","og_type":"article","og_title":"Home - CORPS","og_description":"29 A\u00d1OS CUMPLIENDO CON HONESTIDAD, FLEXIBILIDAD Y COMPROMISO","og_url":"https:\/\/corps.ind.br\/es\/","og_site_name":"CORPS","article_modified_time":"2022-07-28T19:05:04+00:00","twitter_card":"summary_large_image","schema":{"@context":"https:\/\/schema.org","@graph":[{"@type":"WebPage","@id":"https:\/\/corps.ind.br\/es\/","url":"https:\/\/corps.ind.br\/es\/","name":"Home - CORPS","isPartOf":{"@id":"https:\/\/corps.ind.br\/#website"},"datePublished":"2022-07-11T17:50:55+00:00","dateModified":"2022-07-28T19:05:04+00:00","breadcrumb":{"@id":"https:\/\/corps.ind.br\/es\/#breadcrumb"},"inLanguage":"es-ES","potentialAction":[{"@type":"ReadAction","target":["https:\/\/corps.ind.br\/es\/"]}]},{"@type":"BreadcrumbList","@id":"https:\/\/corps.ind.br\/es\/#breadcrumb","itemListElement":[{"@type":"ListItem","position":1,"name":"In\u00edcio","item":"https:\/\/corps.ind.br\/es\/"},{"@type":"ListItem","position":2,"name":"Home"}]},{"@type":"WebSite","@id":"https:\/\/corps.ind.br\/#website","url":"https:\/\/corps.ind.br\/","name":"CORPS","description":"","publisher":{"@id":"https:\/\/corps.ind.br\/#organization"},"potentialAction":[{"@type":"SearchAction","target":{"@type":"EntryPoint","urlTemplate":"https:\/\/corps.ind.br\/?s={search_term_string}"},"query-input":{"@type":"PropertyValueSpecification","valueRequired":true,"valueName":"search_term_string"}}],"inLanguage":"es-ES"},{"@type":"Organization","@id":"https:\/\/corps.ind.br\/#organization","name":"COPRS","url":"https:\/\/corps.ind.br\/","logo":{"@type":"ImageObject","inLanguage":"es-ES","@id":"https:\/\/corps.ind.br\/#\/schema\/logo\/image\/","url":"https:\/\/corps.ind.br\/wp-content\/uploads\/2022\/07\/logo-corps.png","contentUrl":"https:\/\/corps.ind.br\/wp-content\/uploads\/2022\/07\/logo-corps.png","width":382,"height":95,"caption":"COPRS"},"image":{"@id":"https:\/\/corps.ind.br\/#\/schema\/logo\/image\/"}}]}},"jetpack_sharing_enabled":true,"_links":{"self":[{"href":"https:\/\/corps.ind.br\/es\/wp-json\/wp\/v2\/pages\/159","targetHints":{"allow":["GET"]}}],"collection":[{"href":"https:\/\/corps.ind.br\/es\/wp-json\/wp\/v2\/pages"}],"about":[{"href":"https:\/\/corps.ind.br\/es\/wp-json\/wp\/v2\/types\/page"}],"author":[{"embeddable":true,"href":"https:\/\/corps.ind.br\/es\/wp-json\/wp\/v2\/users\/1"}],"replies":[{"embeddable":true,"href":"https:\/\/corps.ind.br\/es\/wp-json\/wp\/v2\/comments?post=159"}],"version-history":[{"count":0,"href":"https:\/\/corps.ind.br\/es\/wp-json\/wp\/v2\/pages\/159\/revisions"}],"wp:attachment":[{"href":"https:\/\/corps.ind.br\/es\/wp-json\/wp\/v2\/media?parent=159"}],"curies":[{"name":"wp","href":"https:\/\/api.w.org\/{rel}","templated":true}]}}